{"id":1342,"date":"2023-08-09T16:43:52","date_gmt":"2023-08-09T16:43:52","guid":{"rendered":"https:\/\/xn--bongr-fsa.com\/?page_id=1342"},"modified":"2025-10-20T22:11:24","modified_gmt":"2025-10-20T22:11:24","slug":"nurul-huda","status":"publish","type":"page","link":"https:\/\/xn--bongr-fsa.com\/index.php\/nurul-huda\/","title":{"rendered":"Nurul Huda txt"},"content":{"rendered":"\t\t<div data-elementor-type=\"wp-page\" data-elementor-id=\"1342\" class=\"elementor elementor-1342\" data-elementor-post-type=\"page\">\n\t\t\t\t\t\t<section class=\"elementor-section elementor-top-section elementor-element elementor-element-4a988e1 elementor-section-boxed elementor-section-height-default elementor-section-height-default\" data-id=\"4a988e1\" data-element_type=\"section\">\n\t\t\t\t\t\t<div class=\"elementor-container elementor-column-gap-default\">\n\t\t\t\t\t<div class=\"elementor-column elementor-col-100 elementor-top-column elementor-element elementor-element-d657767\" data-id=\"d657767\" data-element_type=\"column\">\n\t\t\t<div class=\"elementor-widget-wrap elementor-element-populated\">\n\t\t\t\t\t\t<div class=\"elementor-element elementor-element-82fab06 elementor-widget elementor-widget-button\" data-id=\"82fab06\" data-element_type=\"widget\" data-widget_type=\"button.default\">\n\t\t\t\t<div class=\"elementor-widget-container\">\n\t\t\t\t\t<div class=\"elementor-button-wrapper\">\n\t\t\t<a class=\"elementor-button elementor-button-link elementor-size-sm\" href=\"https:\/\/xn--bongr-fsa.com\/index.php\/nurul-main\/\">\n\t\t\t\t\t\t<span class=\"elementor-button-content-wrapper\">\n\t\t\t\t\t\t\t\t\t<span class=\"elementor-button-text\">Retourner \u00e0 Nurul Hudah<\/span>\n\t\t\t\t\t<\/span>\n\t\t\t\t\t<\/a>\n\t\t<\/div>\n\t\t\t\t<\/div>\n\t\t\t\t<\/div>\n\t\t\t\t\t<\/div>\n\t\t<\/div>\n\t\t\t\t\t<\/div>\n\t\t<\/section>\n\t\t\t\t<section class=\"elementor-section elementor-top-section elementor-element elementor-element-72539c2 elementor-section-boxed elementor-section-height-default elementor-section-height-default\" data-id=\"72539c2\" data-element_type=\"section\">\n\t\t\t\t\t\t<div class=\"elementor-container elementor-column-gap-default\">\n\t\t\t\t\t<div class=\"elementor-column elementor-col-50 elementor-top-column elementor-element elementor-element-124300b\" data-id=\"124300b\" data-element_type=\"column\">\n\t\t\t<div class=\"elementor-widget-wrap elementor-element-populated\">\n\t\t\t\t\t\t<div class=\"elementor-element elementor-element-a8597f5 elementor-widget elementor-widget-text-editor\" data-id=\"a8597f5\" data-element_type=\"widget\" data-widget_type=\"text-editor.default\">\n\t\t\t\t<div class=\"elementor-widget-container\">\n\t\t\t<style>\/*! elementor - v3.21.0 - 30-04-2024 *\/\n.elementor-widget-text-editor.elementor-drop-cap-view-stacked .elementor-drop-cap{background-color:#69727d;color:#fff}.elementor-widget-text-editor.elementor-drop-cap-view-framed .elementor-drop-cap{color:#69727d;border:3px solid;background-color:transparent}.elementor-widget-text-editor:not(.elementor-drop-cap-view-default) .elementor-drop-cap{margin-top:8px}.elementor-widget-text-editor:not(.elementor-drop-cap-view-default) .elementor-drop-cap-letter{width:1em;height:1em}.elementor-widget-text-editor .elementor-drop-cap{float:left;text-align:center;line-height:1;font-size:50px}.elementor-widget-text-editor .elementor-drop-cap-letter{display:inline-block}<\/style>\t\t\t\t<h3><strong>NURUL HUDA<\/strong><\/h3>\n<p>\u00ab <em>LA LUMIERE DU DROIT CHEMIN<\/em> \u00bb est une association islamique, \u00e0 but n on lucratif, qui oeuvre pour l\u2019\u00e9ducation et la promotion sociale des enfants et de leurs parents<\/p>\n<h4><span style=\"text-decoration: underline;\">Cadre Juridique<\/span><\/h4>\n<p>. Elle a \u00e9t\u00e9 cr\u00e9\u00e9e le sous le r\u00e9c\u00e9piss\u00e9 No 17283<br>MINT.SP\/DGAT\/DLP\/DLA PA en date du 19 Mars 2015<br>Son si\u00e8ge social se trouve \u00e0 la mosqu\u00e9e de Bongr\u00e9 \u00e0 Kaolack<\/p>\n<p><\/p>\n<h4><span style=\"text-decoration: underline;\">Realisations<\/span><\/h4>\n<p>Depuis sa cr\u00e9ation, elle a pu r\u00e9aliser les activit\u00e9s suivantes<br>\u2022 Gestion financi\u00e8re et mat\u00e9rielle de la mosqu\u00e9e<br>\u2022 Cr\u00e9ation et gestion d\u2019un institut d\u2019enseignement arabe et coranique<br>\u2022 Cr\u00e9ation et gestion d\u2019une biblioth\u00e8que au sein de la mosqu\u00e9e de&nbsp;Bongr\u00e9<br>\u2022 Recrute ment de maitre arabe pour le d\u00e9roulement des apprentissages&nbsp;pour les enfants<br>\u2022 Recrutement et suivi de cours d\u2019alphab\u00e9tisation en arabe pour les&nbsp;dames du quartier<br>\u2022 Mobilisation de ressources financi\u00e8res et mat\u00e9rielles pour la r\u00e9fection&nbsp;de la mosqu\u00e9e (toilette s, lieu d\u2019ablution, lieu de pri\u00e8re des femmes,&nbsp;morgue, etc\u2026)<br>\u2022 Organisation financi\u00e8re et mat\u00e9rielle des pri\u00e8res de Korit\u00e9 et Tabaski,&nbsp;du Mawloud , Salatoul Tasbikh et autres \u00e9v\u00e8nements religieux<\/p>\n<p><\/p>\n<h4><span style=\"text-decoration: underline;\">Partenariat<\/span><\/h4>\n<p>NURUL HUDA est en partenariat avec le District Sanitaire de NURUL HUDA est en partenariat avec le District Sanitaire de Casenack pour la Casenack pour la promotion de la sant\u00e9 des populations de Bongr\u00e9. Elle compte \u00e0 son actif plusieurs promotion de la sant\u00e9 des populations de Bongr\u00e9. Elle compte \u00e0 son actif plusieurs s\u00e9ances de visites m\u00e9dicales gratuitess\u00e9ances de visites m\u00e9dicales gratuites ,de vaccinations et de visites ophtalmiques ,de vaccinations et de visites ophtalmiques avec dotation de lunettes \u00e0 prix social .Elle est \u00e9galement en partenariaavec dotation de lunettes \u00e0 prix social .Elle est \u00e9galement en partenariat avec t avec Ismaila ,une ONG turque pour la construction d\u2019un institut arabe dot\u00e9 d\u2019un Ismaila ,une ONG turque pour la construction d\u2019un institut arabe dot\u00e9 d\u2019un internat pour les enfants \u00e2g\u00e9s de 12 \u00e0 13ans pour l\u2019apprentissage du fran\u00e7ais et de internat pour les enfants \u00e2g\u00e9s de 12 \u00e0 13ans pour l\u2019apprentissage du fran\u00e7ais et de l\u2019arabe dans la perspective de la poursuite des \u00e9tudes en Turquie pour les meilleurs&nbsp; et d\u2019un encadrement de formation professionnel sur place pour les \u00e9l\u00e9ves&nbsp; &nbsp;.<\/p>\n<p>Nous avons \u00e9galement un partenariat avec l\u2019Universit\u00e9 priv\u00e9e El Hadj&nbsp; Abdoulaye Niass dont la premi\u00e8re retomb\u00e9e est l\u2019octroi de bourse d\u2019\u00e9tude pour deux \u00e9tudiants une une une en sant\u00e9 et en gestionn sant\u00e9 et en gestion .<\/p>\n<p>NURUL HUDA est en train d\u2019\u00e9laborer un plan Strat\u00e9gique pour mat\u00e9rialiser par \u00e9crit tout l\u2019h\u00e9ritage de la mosqu\u00e9e de Bongr\u00e9 en vue de consolider les acquis,&nbsp; massifier l\u2019association, la r\u00e9organiser, la renforcer pour laisser aux&nbsp; aux&nbsp; g\u00e9n\u00e9rations futures un patrimoine digne du legs des p\u00e8res fondateurs de la mosqu\u00e9e.<\/p>\t\t\t\t\t\t<\/div>\n\t\t\t\t<\/div>\n\t\t\t\t\t<\/div>\n\t\t<\/div>\n\t\t\t\t<div class=\"elementor-column elementor-col-50 elementor-top-column elementor-element elementor-element-d843d0e\" data-id=\"d843d0e\" data-element_type=\"column\">\n\t\t\t<div class=\"elementor-widget-wrap elementor-element-populated\">\n\t\t\t\t\t\t<div class=\"elementor-element elementor-element-e93dee3 elementor-widget__width-initial elementor-widget elementor-widget-text-editor\" data-id=\"e93dee3\" data-element_type=\"widget\" data-widget_type=\"text-editor.default\">\n\t\t\t\t<div class=\"elementor-widget-container\">\n\t\t\t\t\t\t\t<h4><span style=\"text-decoration: underline;\">Vision<\/span><\/h4><p>\u00a0<\/p><p>La population du quartier de Bongr\u00e9 exprime toutes ses pleines<br \/>potentialit\u00e9s \u00e0 travers NURUL HUDA pour une asso ciation<br \/>forte, instruite et tol\u00e9rante essentiellement tourn\u00e9e vers son<br \/>d\u00e9veloppement \u00e9conomique et social<\/p><h4><br \/><span style=\"text-decoration: underline;\">Mission<\/span><\/h4><p><br \/>La mission de NURUL HUDA consiste \u00e0 f\u00e9d\u00e9rer les ressources<br \/>humaines du quartier de Bongr\u00e9 et environnants autour d\u2019un<br \/>programme d\u2019encadremen t des gar\u00e7ons et filles en \u00e2ge scolaire<br \/>et de renforcement de capacit\u00e9 manag\u00e9riale des chefs de m\u00e9nage<br \/>pour l\u2019\u00e9mergence d\u2019une conscience citoyenne et religieuse.<\/p><p>\u00a0<\/p><h4><span style=\"text-decoration: underline;\">Valeurs<\/span><\/h4><p><br \/>Les valeurs de NURUL HUDA contituent les fondements de ses actions. Elles ont \u00e9t\u00e9 d\u00e9velopp\u00e9es par le comit\u00e9 de gestion et approuv\u00e9es en Assembl\u00e9e G\u00e9n\u00e9rale ;\u00a0<\/p><p><br \/>elles s\u2019appliquent \u00e0 l\u2019ensemble de l\u2019organisation.<\/p><p><br \/>\u2022 Nous valorisons la diversit\u00e9 et l\u2019ind\u00e9pendance :Nous valorisons la diversit\u00e9 et l\u2019ind\u00e9pendance : nous respectons la valeur de chaque individu, reconnaissons les diff\u00e9rences et d\u00e9chaque individu, reconnaissons les diff\u00e9rences et d\u00e9fions les in\u00e9galit\u00e9s.<\/p><p>\u00a0<\/p><p>\u00a0\u2022 Nous renfor\u00e7ons l\u2019assurance et l\u2019autonomie des enfants et des jeunes, avec\u00a0 avec une attention particuli\u00e8re pour les filles, et les aidons \u00e0 changer leur avenir.\u00a0 Nous encourageons nos populations et partenaires \u00e0 r\u00e9aliser pleinement leur ppotentiel et \u00e0 s\u2019\u00e9panouir dans leur travail.<\/p><p>\u00a0<\/p><p>\u2022 Nous sommes transparents et responsables : nous cr\u00e9ons un climat de\u00a0 de confiance et d\u2019\u00e9quit\u00e9 en faisant preuve d\u2019ouverture et d\u2019honn\u00eatet\u00e9.\u00a0 Nous assumons nos responsabilit\u00e9s et respectons nos engagements vis-\u00e0-vis\u00a0 des s enfants, des jeunes, des communaut\u00e9s et des partenaires en mettant l\u2019accent sur les couches vuln\u00e9rables.<\/p><p>\u00a0<\/p><p>\u2022 Nous travaillons ensemble\u00a0 : la cl\u00e9 de notre succ\u00e8s est la collaboration.\u00a0 En partageant connaissances et savoir-faire avec les enfants, les jeunes, eparticulier les filles et les communaut\u00e9s, nous cherchons et appliquons ensemble des solutions pour contribuer \u00e0 un monde plus juste et \u00e9quitable<\/p><p>\u00a0<\/p><p>\u2022 Nous visons un impact durable :Nous visons un impact durable : nous sommes pers\u00e9v\u00e9rants et d\u00e9ployons\u00a0 toute notre \u00e9nergie pour changer la vie des enfants et des jeunes et obtenir\u00a0 l\u2019\u00e9galit\u00e9 pour les filles. Nous nous engageons \u00e0 avoir une influence positive \u00e0 long terme en faisant preuve d&#8217;audace, d&#8217;optimisme, d&#8217;efficacit\u00e9 et de , d&#8217;optimisme,\u00a0 de cr\u00e9ativit\u00e9.<\/p>\t\t\t\t\t\t<\/div>\n\t\t\t\t<\/div>\n\t\t\t\t\t<\/div>\n\t\t<\/div>\n\t\t\t\t\t<\/div>\n\t\t<\/section>\n\t\t\t\t<section class=\"elementor-section elementor-top-section elementor-element elementor-element-a6cad48 elementor-section-boxed elementor-section-height-default elementor-section-height-default\" data-id=\"a6cad48\" data-element_type=\"section\">\n\t\t\t\t\t\t<div class=\"elementor-container elementor-column-gap-default\">\n\t\t\t\t\t<div class=\"elementor-column elementor-col-100 elementor-top-column elementor-element elementor-element-68a9f94\" data-id=\"68a9f94\" data-element_type=\"column\">\n\t\t\t<div class=\"elementor-widget-wrap elementor-element-populated\">\n\t\t\t\t\t\t<div class=\"elementor-element elementor-element-9ecdd56 elementor-widget-divider--view-line elementor-widget elementor-widget-divider\" data-id=\"9ecdd56\" data-element_type=\"widget\" data-widget_type=\"divider.default\">\n\t\t\t\t<div class=\"elementor-widget-container\">\n\t\t\t<style>\/*! elementor - v3.21.0 - 30-04-2024 *\/\n.elementor-widget-divider{--divider-border-style:none;--divider-border-width:1px;--divider-color:#0c0d0e;--divider-icon-size:20px;--divider-element-spacing:10px;--divider-pattern-height:24px;--divider-pattern-size:20px;--divider-pattern-url:none;--divider-pattern-repeat:repeat-x}.elementor-widget-divider .elementor-divider{display:flex}.elementor-widget-divider .elementor-divider__text{font-size:15px;line-height:1;max-width:95%}.elementor-widget-divider .elementor-divider__element{margin:0 var(--divider-element-spacing);flex-shrink:0}.elementor-widget-divider .elementor-icon{font-size:var(--divider-icon-size)}.elementor-widget-divider .elementor-divider-separator{display:flex;margin:0;direction:ltr}.elementor-widget-divider--view-line_icon .elementor-divider-separator,.elementor-widget-divider--view-line_text .elementor-divider-separator{align-items:center}.elementor-widget-divider--view-line_icon .elementor-divider-separator:after,.elementor-widget-divider--view-line_icon .elementor-divider-separator:before,.elementor-widget-divider--view-line_text .elementor-divider-separator:after,.elementor-widget-divider--view-line_text .elementor-divider-separator:before{display:block;content:\"\";border-block-end:0;flex-grow:1;border-block-start:var(--divider-border-width) var(--divider-border-style) var(--divider-color)}.elementor-widget-divider--element-align-left .elementor-divider .elementor-divider-separator>.elementor-divider__svg:first-of-type{flex-grow:0;flex-shrink:100}.elementor-widget-divider--element-align-left .elementor-divider-separator:before{content:none}.elementor-widget-divider--element-align-left .elementor-divider__element{margin-left:0}.elementor-widget-divider--element-align-right .elementor-divider .elementor-divider-separator>.elementor-divider__svg:last-of-type{flex-grow:0;flex-shrink:100}.elementor-widget-divider--element-align-right .elementor-divider-separator:after{content:none}.elementor-widget-divider--element-align-right .elementor-divider__element{margin-right:0}.elementor-widget-divider--element-align-start .elementor-divider .elementor-divider-separator>.elementor-divider__svg:first-of-type{flex-grow:0;flex-shrink:100}.elementor-widget-divider--element-align-start .elementor-divider-separator:before{content:none}.elementor-widget-divider--element-align-start .elementor-divider__element{margin-inline-start:0}.elementor-widget-divider--element-align-end .elementor-divider .elementor-divider-separator>.elementor-divider__svg:last-of-type{flex-grow:0;flex-shrink:100}.elementor-widget-divider--element-align-end .elementor-divider-separator:after{content:none}.elementor-widget-divider--element-align-end .elementor-divider__element{margin-inline-end:0}.elementor-widget-divider:not(.elementor-widget-divider--view-line_text):not(.elementor-widget-divider--view-line_icon) .elementor-divider-separator{border-block-start:var(--divider-border-width) var(--divider-border-style) var(--divider-color)}.elementor-widget-divider--separator-type-pattern{--divider-border-style:none}.elementor-widget-divider--separator-type-pattern.elementor-widget-divider--view-line .elementor-divider-separator,.elementor-widget-divider--separator-type-pattern:not(.elementor-widget-divider--view-line) .elementor-divider-separator:after,.elementor-widget-divider--separator-type-pattern:not(.elementor-widget-divider--view-line) .elementor-divider-separator:before,.elementor-widget-divider--separator-type-pattern:not([class*=elementor-widget-divider--view]) .elementor-divider-separator{width:100%;min-height:var(--divider-pattern-height);-webkit-mask-size:var(--divider-pattern-size) 100%;mask-size:var(--divider-pattern-size) 100%;-webkit-mask-repeat:var(--divider-pattern-repeat);mask-repeat:var(--divider-pattern-repeat);background-color:var(--divider-color);-webkit-mask-image:var(--divider-pattern-url);mask-image:var(--divider-pattern-url)}.elementor-widget-divider--no-spacing{--divider-pattern-size:auto}.elementor-widget-divider--bg-round{--divider-pattern-repeat:round}.rtl .elementor-widget-divider .elementor-divider__text{direction:rtl}.e-con-inner>.elementor-widget-divider,.e-con>.elementor-widget-divider{width:var(--container-widget-width,100%);--flex-grow:var(--container-widget-flex-grow)}<\/style>\t\t<div class=\"elementor-divider\">\n\t\t\t<span class=\"elementor-divider-separator\">\n\t\t\t\t\t\t<\/span>\n\t\t<\/div>\n\t\t\t\t<\/div>\n\t\t\t\t<\/div>\n\t\t\t\t\t<\/div>\n\t\t<\/div>\n\t\t\t\t\t<\/div>\n\t\t<\/section>\n\t\t\t\t<\/div>\n\t\t","protected":false},"excerpt":{"rendered":"<p>Retourner \u00e0 Nurul Hudah NURUL HUDA \u00ab LA LUMIERE DU DROIT CHEMIN \u00bb est une association islamique, \u00e0 but n on lucratif, qui oeuvre pour l\u2019\u00e9ducation et la promotion sociale des enfants et de leurs parents Cadre Juridique . Elle a \u00e9t\u00e9 cr\u00e9\u00e9e le sous le r\u00e9c\u00e9piss\u00e9 No 17283MINT.SP\/DGAT\/DLP\/DLA PA en date du 19 Mars [&hellip;]<\/p>\n","protected":false},"author":1,"featured_media":0,"parent":0,"menu_order":0,"comment_status":"closed","ping_status":"closed","template":"","meta":{"_uag_custom_page_level_css":"","site-sidebar-layout":"no-sidebar","site-content-layout":"page-builder","ast-site-content-layout":"default","site-content-style":"default","site-sidebar-style":"default","ast-global-header-display":"","ast-banner-title-visibility":"","ast-main-header-display":"","ast-hfb-above-header-display":"","ast-hfb-below-header-display":"","ast-hfb-mobile-header-display":"","site-post-title":"disabled","ast-breadcrumbs-content":"","ast-featured-img":"disabled","footer-sml-layout":"","theme-transparent-header-meta":"","adv-header-id-meta":"","stick-header-meta":"","header-above-stick-meta":"","header-main-stick-meta":"","header-below-stick-meta":"","astra-migrate-meta-layouts":"default","ast-page-background-enabled":"default","ast-page-background-meta":{"desktop":{"background-color":"var(--ast-global-color-4)","background-image":"","background-repeat":"repeat","background-position":"center center","background-size":"auto","background-attachment":"scroll","background-type":"","background-media":"","overlay-type":"","overlay-color":"","overlay-opacity":"","overlay-gradient":""},"tablet":{"background-color":"","background-image":"","background-repeat":"repeat","background-position":"center center","background-size":"auto","background-attachment":"scroll","background-type":"","background-media":"","overlay-type":"","overlay-color":"","overlay-opacity":"","overlay-gradient":""},"mobile":{"background-color":"","background-image":"","background-repeat":"repeat","background-position":"center center","background-size":"auto","background-attachment":"scroll","background-type":"","background-media":"","overlay-type":"","overlay-color":"","overlay-opacity":"","overlay-gradient":""}},"ast-content-background-meta":{"desktop":{"background-color":"var(--ast-global-color-5)","background-image":"","background-repeat":"repeat","background-position":"center center","background-size":"auto","background-attachment":"scroll","background-type":"","background-media":"","overlay-type":"","overlay-color":"","overlay-opacity":"","overlay-gradient":""},"tablet":{"background-color":"var(--ast-global-color-5)","background-image":"","background-repeat":"repeat","background-position":"center center","background-size":"auto","background-attachment":"scroll","background-type":"","background-media":"","overlay-type":"","overlay-color":"","overlay-opacity":"","overlay-gradient":""},"mobile":{"background-color":"var(--ast-global-color-5)","background-image":"","background-repeat":"repeat","background-position":"center center","background-size":"auto","background-attachment":"scroll","background-type":"","background-media":"","overlay-type":"","overlay-color":"","overlay-opacity":"","overlay-gradient":""}},"footnotes":""},"class_list":["post-1342","page","type-page","status-publish","hentry"],"aioseo_notices":[],"uagb_featured_image_src":{"full":false,"thumbnail":false,"medium":false,"medium_large":false,"large":false,"1536x1536":false,"2048x2048":false},"uagb_author_info":{"display_name":"abdonsow","author_link":"https:\/\/xn--bongr-fsa.com\/index.php\/author\/abdonsow\/"},"uagb_comment_info":0,"uagb_excerpt":"Retourner \u00e0 Nurul Hudah NURUL HUDA \u00ab LA LUMIERE DU DROIT CHEMIN \u00bb est une association islamique, \u00e0 but n on lucratif, qui oeuvre pour l\u2019\u00e9ducation et la promotion sociale des enfants et de leurs parents Cadre Juridique . Elle a \u00e9t\u00e9 cr\u00e9\u00e9e le sous le r\u00e9c\u00e9piss\u00e9 No 17283MINT.SP\/DGAT\/DLP\/DLA PA en date du 19 Mars&hellip;","_links":{"self":[{"href":"https:\/\/xn--bongr-fsa.com\/index.php\/wp-json\/wp\/v2\/pages\/1342","targetHints":{"allow":["GET"]}}],"collection":[{"href":"https:\/\/xn--bongr-fsa.com\/index.php\/wp-json\/wp\/v2\/pages"}],"about":[{"href":"https:\/\/xn--bongr-fsa.com\/index.php\/wp-json\/wp\/v2\/types\/page"}],"author":[{"embeddable":true,"href":"https:\/\/xn--bongr-fsa.com\/index.php\/wp-json\/wp\/v2\/users\/1"}],"replies":[{"embeddable":true,"href":"https:\/\/xn--bongr-fsa.com\/index.php\/wp-json\/wp\/v2\/comments?post=1342"}],"version-history":[{"count":56,"href":"https:\/\/xn--bongr-fsa.com\/index.php\/wp-json\/wp\/v2\/pages\/1342\/revisions"}],"predecessor-version":[{"id":3118,"href":"https:\/\/xn--bongr-fsa.com\/index.php\/wp-json\/wp\/v2\/pages\/1342\/revisions\/3118"}],"wp:attachment":[{"href":"https:\/\/xn--bongr-fsa.com\/index.php\/wp-json\/wp\/v2\/media?parent=1342"}],"curies":[{"name":"wp","href":"https:\/\/api.w.org\/{rel}","templated":true}]}}