{"id":1345,"date":"2023-08-09T16:44:39","date_gmt":"2023-08-09T16:44:39","guid":{"rendered":"https:\/\/xn--bongr-fsa.com\/?page_id=1345"},"modified":"2025-10-16T23:30:15","modified_gmt":"2025-10-16T23:30:15","slug":"historique","status":"publish","type":"page","link":"https:\/\/xn--bongr-fsa.com\/index.php\/historique\/","title":{"rendered":"Historique"},"content":{"rendered":"\t\t<div data-elementor-type=\"wp-page\" data-elementor-id=\"1345\" class=\"elementor elementor-1345\" data-elementor-post-type=\"page\">\n\t\t\t\t\t\t<section class=\"elementor-section elementor-top-section elementor-element elementor-element-9342717 elementor-section-boxed elementor-section-height-default elementor-section-height-default\" data-id=\"9342717\" data-element_type=\"section\">\n\t\t\t\t\t\t<div class=\"elementor-container elementor-column-gap-default\">\n\t\t\t\t\t<div class=\"elementor-column elementor-col-100 elementor-top-column elementor-element elementor-element-371b5c3\" data-id=\"371b5c3\" data-element_type=\"column\">\n\t\t\t<div class=\"elementor-widget-wrap elementor-element-populated\">\n\t\t\t\t\t\t<div class=\"elementor-element elementor-element-ff01cd9 elementor-widget__width-initial elementor-widget elementor-widget-image\" data-id=\"ff01cd9\" data-element_type=\"widget\" data-widget_type=\"image.default\">\n\t\t\t\t<div class=\"elementor-widget-container\">\n\t\t\t<style>\/*! elementor - v3.21.0 - 30-04-2024 *\/\n.elementor-widget-image{text-align:center}.elementor-widget-image a{display:inline-block}.elementor-widget-image a img[src$=\".svg\"]{width:48px}.elementor-widget-image img{vertical-align:middle;display:inline-block}<\/style>\t\t\t\t\t\t\t\t\t\t<img fetchpriority=\"high\" decoding=\"async\" width=\"1024\" height=\"267\" src=\"https:\/\/xn--bongr-fsa.com\/wp-content\/uploads\/2024\/01\/bannernew-3-1024x267.jpg\" class=\"attachment-large size-large wp-image-2205\" alt=\"\" srcset=\"https:\/\/xn--bongr-fsa.com\/wp-content\/uploads\/2024\/01\/bannernew-3-1024x267.jpg 1024w, https:\/\/xn--bongr-fsa.com\/wp-content\/uploads\/2024\/01\/bannernew-3-300x78.jpg 300w, https:\/\/xn--bongr-fsa.com\/wp-content\/uploads\/2024\/01\/bannernew-3-768x200.jpg 768w, https:\/\/xn--bongr-fsa.com\/wp-content\/uploads\/2024\/01\/bannernew-3-1536x400.jpg 1536w, https:\/\/xn--bongr-fsa.com\/wp-content\/uploads\/2024\/01\/bannernew-3.jpg 1920w\" sizes=\"(max-width: 1024px) 100vw, 1024px\" \/>\t\t\t\t\t\t\t\t\t\t\t\t\t<\/div>\n\t\t\t\t<\/div>\n\t\t\t\t\t<\/div>\n\t\t<\/div>\n\t\t\t\t\t<\/div>\n\t\t<\/section>\n\t\t\t\t<section class=\"elementor-section elementor-top-section elementor-element elementor-element-dc72ff5 elementor-section-boxed elementor-section-height-default elementor-section-height-default\" data-id=\"dc72ff5\" data-element_type=\"section\">\n\t\t\t\t\t\t<div class=\"elementor-container elementor-column-gap-default\">\n\t\t\t\t\t<div class=\"elementor-column elementor-col-100 elementor-top-column elementor-element elementor-element-345c037\" data-id=\"345c037\" data-element_type=\"column\">\n\t\t\t<div class=\"elementor-widget-wrap elementor-element-populated\">\n\t\t\t\t\t\t<div class=\"elementor-element elementor-element-1ff07d5 elementor-button-info elementor-widget elementor-widget-button\" data-id=\"1ff07d5\" data-element_type=\"widget\" data-widget_type=\"button.default\">\n\t\t\t\t<div class=\"elementor-widget-container\">\n\t\t\t\t\t<div class=\"elementor-button-wrapper\">\n\t\t\t<a class=\"elementor-button elementor-button-link elementor-size-sm\" href=\"https:\/\/bongr\u00e9.com\/\">\n\t\t\t\t\t\t<span class=\"elementor-button-content-wrapper\">\n\t\t\t\t\t\t\t\t\t<span class=\"elementor-button-text\">Retour \u00e0 la Page Accueil<\/span>\n\t\t\t\t\t<\/span>\n\t\t\t\t\t<\/a>\n\t\t<\/div>\n\t\t\t\t<\/div>\n\t\t\t\t<\/div>\n\t\t\t\t\t<\/div>\n\t\t<\/div>\n\t\t\t\t\t<\/div>\n\t\t<\/section>\n\t\t\t\t<section class=\"elementor-section elementor-top-section elementor-element elementor-element-bf858da elementor-section-boxed elementor-section-height-default elementor-section-height-default\" data-id=\"bf858da\" data-element_type=\"section\">\n\t\t\t\t\t\t<div class=\"elementor-container elementor-column-gap-default\">\n\t\t\t\t\t<div class=\"elementor-column elementor-col-50 elementor-top-column elementor-element elementor-element-4f23692\" data-id=\"4f23692\" data-element_type=\"column\">\n\t\t\t<div class=\"elementor-widget-wrap elementor-element-populated\">\n\t\t\t\t\t\t<div class=\"elementor-element elementor-element-3f789c5 elementor-widget elementor-widget-text-editor\" data-id=\"3f789c5\" data-element_type=\"widget\" data-widget_type=\"text-editor.default\">\n\t\t\t\t<div class=\"elementor-widget-container\">\n\t\t\t<style>\/*! elementor - v3.21.0 - 30-04-2024 *\/\n.elementor-widget-text-editor.elementor-drop-cap-view-stacked .elementor-drop-cap{background-color:#69727d;color:#fff}.elementor-widget-text-editor.elementor-drop-cap-view-framed .elementor-drop-cap{color:#69727d;border:3px solid;background-color:transparent}.elementor-widget-text-editor:not(.elementor-drop-cap-view-default) .elementor-drop-cap{margin-top:8px}.elementor-widget-text-editor:not(.elementor-drop-cap-view-default) .elementor-drop-cap-letter{width:1em;height:1em}.elementor-widget-text-editor .elementor-drop-cap{float:left;text-align:center;line-height:1;font-size:50px}.elementor-widget-text-editor .elementor-drop-cap-letter{display:inline-block}<\/style>\t\t\t\t<p>\u00a0<\/p><p>Le quartier de Bongr\u00e9 est situ\u00e9 entre le camp militaire S\u00e9mou Jimite et la route nationale, le quartier Bongr\u00e9 a \u00e9t\u00e9 occup\u00e9 pour la premi\u00e8re fois par l&#8217;administration coloniale en 1910. \u00a0L\u2019administration coloniale y avai implant\u00e9 un centre d&#8217;essai pour la s\u00e9lection de graines d&#8217;arachide destin\u00e9es \u00e0 la semence dans le bassin arachidier. . Et durant la deuxi\u00e8me guerre mondiale (1939-45), l&#8217;arm\u00e9e coloniale y installa une ferme d&#8217;embouche bovine et \u00e9quine pour les troupes.<\/p><p>\u00a0<\/p><p>Bongr\u00e9 a \u00e9t\u00e9 le th\u00e9\u00e2tre de plusieurs activit\u00e9s. Avec Le cantonnement du marabout mouride Serigne Bachirou Mbacke \u00a0q qui cr\u00e9a le fameux Toolu Serign bi et plutard \u00a0les fermes de la Soci\u00e9t\u00e9 Indig\u00e8ne de Pr\u00e9voyance (SIP) du cercle de Kaolack qui, travaillait \u00e0 l\u2019am\u00e9lioration des semences arachidi\u00e8re et \u00a0au fon\u00e7age des puits.<\/p><p>\u00a0<\/p><p>La cohabitation avec la cit\u00e9 des employ\u00e9s de la SIP, des Salins du Sine Saloum, \u00a0l\u2019installation en ces m\u00eames lieux d\u2019une mission catholique avec le College Pie XII firent de Bongr\u00e9 un site attractif pour l\u2019habitat. Ainsi virent le jour \u00a0cit\u00e9 des employ\u00e9s de la SIP et de la construction des b\u00e2timents Paul Desachy , actuel Salins\u00a0 et \u00a0la construction des premi\u00e8res habitations \u00e0 loyer mod\u00e9r\u00e9s (HLM) de KAOLACK .Ainsi est n\u00e9e la cit\u00e9 HLM LEOPOLD SEDAR SENGHOR \u00a0L&#8217;inauguration de la 1re tranche et la pose de la premi\u00e8re pierre de la 2\u00e8 tranche seront faites en juillet 1962 par Abdou Diouf, alors Gouverneur du Sine Saloum, et la cit\u00e9 baptis\u00e9e Cit\u00e9 L\u00e9opold S\u00e9dar Senghor<\/p><p>\u00a0<\/p><p>Il existe diff\u00e9rentes version quant \u00e0 l\u2019origine du nom .<\/p><p>\u00a0<\/p><p>Selon une version le nom Bongr\u00e9 est adopt\u00e9 en 1958, d&#8217;une d\u00e9formation de Bonnes Graines en r\u00e9f\u00e9rence \u00e0 la ferme, id\u00e9e par ailleurs confirm\u00e9e par certains notables. Une autre version stipule que le nom \u00a0proviendrait du fait des habitations en dur, les Kaolackois allaient y habiter de Bon Gr\u00e9.<\/p><p>\u00a0<\/p><p>Un groupe scolaire y sera construit en 1960, regroupant une \u00e9cole des filles aujourd&#8217;hui Babacar Diop, une \u00e9cole des gar\u00e7ons aujourd&#8217;hui Mahawa Diouf (CEM Bongr\u00e9) et le logement du directeur M. Rab\u00e9ja, unique \u00e0 l&#8217;\u00e9poque pour les deux \u00e9coles. Ce logement deviendra par la suite l&#8217;Inspection de l&#8217;Enseignement \u00c9l\u00e9mentaire.<\/p><p>C&#8217;est \u00e0 partir de 1960 que l&#8217;OHLM construira une premi\u00e8re tranche et une \u00e9cole Bongr\u00e9 cit\u00e9 aujourd&#8217;hui Ibrahima Fall.<\/p><p>.<\/p><p>Le chef de quartier de Boustane administrait aussi Bongr\u00e9, Issa Diouf puis S\u00e9ga Diallo assum\u00e8rent cette double charge mais \u00e0 partir du 1er Mai 1979, le quartier demandera et aura son propre chef de quartier du nom de Ahmet Saloum Diouf, Mahawa Ndour lui succ\u00e9dera ensuite Amadou Tidiane Mbengue puis Monsieur Yaffa. L\u2019actuel Chef de quartier est Baye Yoro Diop, ancien colonel de l&#8217;Arm\u00e9e \u00e0 la retraite.<\/p><p>\u00a0<\/p><p>D\u2019autres \u00e9difices d\u2019int\u00e9r\u00eat public seront successivement \u00e9rig\u00e9s pour am\u00e9liorer le cadre de vie des populations<\/p><p>\u00a0<\/p><p>Sur le plan confessionnel<\/p><p>En 1958 d\u00e9j\u00e0, la mosqu\u00e9e de Bongr\u00e9 est construite sur l&#8217;intiative de feu Boubabcar Sakho, de Ibrahima Sall ainsi que Aly L\u00f4, \u00e0 son \u00e9rection, une pri\u00e8re a \u00e9t\u00e9 dirig\u00e9e par feu Abdoulaye Niass, fils de El H Ibrahima Niass. Depuis, elle s&#8217;est agrandie, \u00e0 l&#8217;origine elle \u00e9tait en pailles puis en banco. Les populations versent r\u00e9guli\u00e8rement une cotisation de 500 frs chaque mois.<\/p><p>\u00a0<\/p><p>Pour la confession chr\u00e9tienne la pri\u00e8re en semaine se fait dans la chapelle du Coll\u00e9ge Pie XII qui \u00e9tait d&#8217;abord un Juv\u00e9nat puis devenu un groupe scolaire important Le coll\u00e8ge Pie XII a \u00e9t\u00e9 cr\u00e9\u00e9 en 1958 par monseigneur Th\u00e9ophile Cadox, pr\u00e9fet apostolique de Kaolack et premier \u00e9v\u00eaque de la ville. Par la suite, le coll\u00e8ge est g\u00e9r\u00e9 par la mission du Sacr\u00e9-C\u0153ur o\u00f9 beaucoup de jeunes du quartier ont appris l\u00e0-bas, c&#8217;est le lieu o\u00f9 loge l&#8217;archev\u00eaque de Kaolack.<\/p><p>\u00a0<\/p><p>Sur le Plan Sportif<\/p><p>\u00a0<\/p><p>En 1968, l&#8217;ASC Marine est cr\u00e9\u00e9e \u00a0et devint un centre de formation pour\u00a0 beaucoup de fille et de gar\u00e7ons de Bongr\u00e9, avec divers sports nawetane dans lesquels \u00a0l\u2019\u00e9quipe a excell\u00e9<\/p><p>\u00a0<\/p><p>La cr\u00e9ation du Village SOS dont la pose de la 1re pierre a \u00e9t\u00e9 faite par le Pr\u00e9sident Abdou Diouf, et l&#8217;inauguration par son \u00e9pouse en 1984 contribuera a l\u2019education et a la sante des enfants et des famille de la cit\u00e9<\/p><p>\u00a0<\/p><p>En 1992, Peulga est lotiss\u00e9 et devint plus tard le quartier Windi gui, auparavant c&#8217;\u00e9tait un village itin\u00e9rant de bargers Peulh.<\/p><p>\u00a0<\/p><p>En 2009, Bongr\u00e9 compte sa premi\u00e8re pouponni\u00e8re La pouponni\u00e8re Lamine Gu\u00e8ye accueille environ 30 enfants de 0 \u00e0 2 ans<\/p>\t\t\t\t\t\t<\/div>\n\t\t\t\t<\/div>\n\t\t\t\t\t<\/div>\n\t\t<\/div>\n\t\t\t\t<div class=\"elementor-column elementor-col-50 elementor-top-column elementor-element elementor-element-55d9e86\" data-id=\"55d9e86\" data-element_type=\"column\">\n\t\t\t<div class=\"elementor-widget-wrap elementor-element-populated\">\n\t\t\t\t\t\t<section class=\"elementor-section elementor-inner-section elementor-element elementor-element-0b28e5c elementor-section-boxed elementor-section-height-default elementor-section-height-default\" data-id=\"0b28e5c\" data-element_type=\"section\">\n\t\t\t\t\t\t<div class=\"elementor-container elementor-column-gap-default\">\n\t\t\t\t\t<div class=\"elementor-column elementor-col-100 elementor-inner-column elementor-element elementor-element-6eeac4b\" data-id=\"6eeac4b\" data-element_type=\"column\">\n\t\t\t<div class=\"elementor-widget-wrap elementor-element-populated\">\n\t\t\t\t\t\t<div class=\"elementor-element elementor-element-58c9ade elementor-widget elementor-widget-image\" data-id=\"58c9ade\" data-element_type=\"widget\" data-widget_type=\"image.default\">\n\t\t\t\t<div class=\"elementor-widget-container\">\n\t\t\t\t\t\t\t\t\t\t\t\t\t<img decoding=\"async\" width=\"400\" height=\"300\" src=\"https:\/\/xn--bongr-fsa.com\/wp-content\/uploads\/2024\/01\/masjid-2.jpg\" class=\"attachment-large size-large wp-image-2232\" alt=\"\" srcset=\"https:\/\/xn--bongr-fsa.com\/wp-content\/uploads\/2024\/01\/masjid-2.jpg 400w, https:\/\/xn--bongr-fsa.com\/wp-content\/uploads\/2024\/01\/masjid-2-300x225.jpg 300w\" sizes=\"(max-width: 400px) 100vw, 400px\" \/>\t\t\t\t\t\t\t\t\t\t\t\t\t<\/div>\n\t\t\t\t<\/div>\n\t\t\t\t<div class=\"elementor-element elementor-element-4ae0a8a elementor-widget elementor-widget-text-editor\" data-id=\"4ae0a8a\" data-element_type=\"widget\" data-widget_type=\"text-editor.default\">\n\t\t\t\t<div class=\"elementor-widget-container\">\n\t\t\t\t\t\t\t<p>Mosqu\u00e9e de Bongr\u00e9<\/p>\t\t\t\t\t\t<\/div>\n\t\t\t\t<\/div>\n\t\t\t\t\t<\/div>\n\t\t<\/div>\n\t\t\t\t\t<\/div>\n\t\t<\/section>\n\t\t\t\t\t<\/div>\n\t\t<\/div>\n\t\t\t\t\t<\/div>\n\t\t<\/section>\n\t\t\t\t<\/div>\n\t\t","protected":false},"excerpt":{"rendered":"<p>Retour \u00e0 la Page Accueil \u00a0 Le quartier de Bongr\u00e9 est situ\u00e9 entre le camp militaire S\u00e9mou Jimite et la route nationale, le quartier Bongr\u00e9 a \u00e9t\u00e9 occup\u00e9 pour la premi\u00e8re fois par l&#8217;administration coloniale en 1910. \u00a0L\u2019administration coloniale y avai implant\u00e9 un centre d&#8217;essai pour la s\u00e9lection de graines d&#8217;arachide destin\u00e9es \u00e0 la semence [&hellip;]<\/p>\n","protected":false},"author":1,"featured_media":0,"parent":0,"menu_order":0,"comment_status":"closed","ping_status":"closed","template":"","meta":{"_uag_custom_page_level_css":"","site-sidebar-layout":"no-sidebar","site-content-layout":"page-builder","ast-site-content-layout":"full-width-container","site-content-style":"unboxed","site-sidebar-style":"unboxed","ast-global-header-display":"","ast-banner-title-visibility":"","ast-main-header-display":"","ast-hfb-above-header-display":"","ast-hfb-below-header-display":"","ast-hfb-mobile-header-display":"","site-post-title":"disabled","ast-breadcrumbs-content":"","ast-featured-img":"disabled","footer-sml-layout":"","theme-transparent-header-meta":"","adv-header-id-meta":"","stick-header-meta":"","header-above-stick-meta":"","header-main-stick-meta":"","header-below-stick-meta":"","astra-migrate-meta-layouts":"set","ast-page-background-enabled":"default","ast-page-background-meta":{"desktop":{"background-color":"var(--ast-global-color-4)","background-image":"","background-repeat":"repeat","background-position":"center center","background-size":"auto","background-attachment":"scroll","background-type":"","background-media":"","overlay-type":"","overlay-color":"","overlay-opacity":"","overlay-gradient":""},"tablet":{"background-color":"","background-image":"","background-repeat":"repeat","background-position":"center center","background-size":"auto","background-attachment":"scroll","background-type":"","background-media":"","overlay-type":"","overlay-color":"","overlay-opacity":"","overlay-gradient":""},"mobile":{"background-color":"","background-image":"","background-repeat":"repeat","background-position":"center center","background-size":"auto","background-attachment":"scroll","background-type":"","background-media":"","overlay-type":"","overlay-color":"","overlay-opacity":"","overlay-gradient":""}},"ast-content-background-meta":{"desktop":{"background-color":"var(--ast-global-color-5)","background-image":"","background-repeat":"repeat","background-position":"center center","background-size":"auto","background-attachment":"scroll","background-type":"","background-media":"","overlay-type":"","overlay-color":"","overlay-opacity":"","overlay-gradient":""},"tablet":{"background-color":"var(--ast-global-color-5)","background-image":"","background-repeat":"repeat","background-position":"center center","background-size":"auto","background-attachment":"scroll","background-type":"","background-media":"","overlay-type":"","overlay-color":"","overlay-opacity":"","overlay-gradient":""},"mobile":{"background-color":"var(--ast-global-color-5)","background-image":"","background-repeat":"repeat","background-position":"center center","background-size":"auto","background-attachment":"scroll","background-type":"","background-media":"","overlay-type":"","overlay-color":"","overlay-opacity":"","overlay-gradient":""}},"footnotes":""},"class_list":["post-1345","page","type-page","status-publish","hentry"],"aioseo_notices":[],"uagb_featured_image_src":{"full":false,"thumbnail":false,"medium":false,"medium_large":false,"large":false,"1536x1536":false,"2048x2048":false},"uagb_author_info":{"display_name":"abdonsow","author_link":"https:\/\/xn--bongr-fsa.com\/index.php\/author\/abdonsow\/"},"uagb_comment_info":0,"uagb_excerpt":"Retour \u00e0 la Page Accueil \u00a0 Le quartier de Bongr\u00e9 est situ\u00e9 entre le camp militaire S\u00e9mou Jimite et la route nationale, le quartier Bongr\u00e9 a \u00e9t\u00e9 occup\u00e9 pour la premi\u00e8re fois par l&#8217;administration coloniale en 1910. \u00a0L\u2019administration coloniale y avai implant\u00e9 un centre d&#8217;essai pour la s\u00e9lection de graines d&#8217;arachide destin\u00e9es \u00e0 la semence&hellip;","_links":{"self":[{"href":"https:\/\/xn--bongr-fsa.com\/index.php\/wp-json\/wp\/v2\/pages\/1345","targetHints":{"allow":["GET"]}}],"collection":[{"href":"https:\/\/xn--bongr-fsa.com\/index.php\/wp-json\/wp\/v2\/pages"}],"about":[{"href":"https:\/\/xn--bongr-fsa.com\/index.php\/wp-json\/wp\/v2\/types\/page"}],"author":[{"embeddable":true,"href":"https:\/\/xn--bongr-fsa.com\/index.php\/wp-json\/wp\/v2\/users\/1"}],"replies":[{"embeddable":true,"href":"https:\/\/xn--bongr-fsa.com\/index.php\/wp-json\/wp\/v2\/comments?post=1345"}],"version-history":[{"count":17,"href":"https:\/\/xn--bongr-fsa.com\/index.php\/wp-json\/wp\/v2\/pages\/1345\/revisions"}],"predecessor-version":[{"id":2917,"href":"https:\/\/xn--bongr-fsa.com\/index.php\/wp-json\/wp\/v2\/pages\/1345\/revisions\/2917"}],"wp:attachment":[{"href":"https:\/\/xn--bongr-fsa.com\/index.php\/wp-json\/wp\/v2\/media?parent=1345"}],"curies":[{"name":"wp","href":"https:\/\/api.w.org\/{rel}","templated":true}]}}